{"id":40,"date":"2020-06-24T07:41:35","date_gmt":"2020-06-24T05:41:35","guid":{"rendered":"http:\/\/entwicklung.agvb.de\/?page_id=40"},"modified":"2020-11-05T11:36:41","modified_gmt":"2020-11-05T09:36:41","slug":"bayernwelt","status":"publish","type":"page","link":"https:\/\/entwicklung.agvb.de\/?page_id=40","title":{"rendered":"Bayernweit"},"content":{"rendered":"<p><span style=\"font-size: 26px; font-weight: bolder;\">Wichtige Links zu thematischen Seiten:<\/span><\/p>\r\n<ul>\r\n<li style=\"list-style-type: none;\">\r\n<ul>\r\n<li><a rel=\"noreferrer noopener\" href=\"https:\/\/www.demenz-pflege-bayern.de\/\" target=\"_blank\">Fachstelle f\u00fcr Demenz und Pflege<\/a><\/li>\r\n<li><a href=\"http:\/\/\twww.agus-selbsthilfe.de\/\" target=\"_blank\" rel=\"noreferrer noopener\">AGUS &#8211; Angeh\u00f6rige um Suizid<\/a><\/li>\r\n<li><a href=\"https:\/\/www.bay-bezirke.de\/index.php\" target=\"_blank\" rel=\"noreferrer noopener\">Bayerischer Bezirketag <\/a><\/li>\r\n<li><a href=\"https:\/\/www.stmgp.bayern.de\/lfp\/\" target=\"_blank\" rel=\"noreferrer noopener\">Bayerisches Landesamt f\u00fcr Pflege<\/a><\/li>\r\n<li><a href=\"https:\/\/www.stmgp.bayern.de\/\" target=\"_blank\" rel=\"noreferrer noopener\">Bayerisches Staatsministerium Gesundheit und Pflege <\/a><\/li>\r\n<li><a href=\"http:\/\/www.stmas.bayern.de\/\">Bayerisches Staatsministerium f\u00fcr Arbeit und Soziales<\/a><\/li>\r\n<li><a rel=\"noreferrer noopener\" href=\"https:\/\/lzg-bayern.de\/start.html\" target=\"_blank\">LZG\u00a0&#8211; Landeszentrale f\u00fcr Gesundheit in Bayern e.V.<\/a><\/li>\r\n<li><a href=\"http:\/\/www.anlaufstelle.bayern.de\/\" target=\"_blank\" rel=\"noreferrer noopener\">Regionale Anlauf- und Beratungsstelle f\u00fcr ehemalige Heimkinder in Bayern<\/a><\/li>\r\n<li><a href=\"http:\/\/www.zukunftsministerium.bayern.de\/fibel\/index.php\">Sozial-Fibel Zukunftsministerium<\/a><\/li>\r\n<li><a href=\"https:\/\/www.vdk.de\/bayern\/pages\/68673\/leben_im_alter\">VdK Bayern &#8211; Leben im Alter mit Beratungstelefon<\/a><\/li>\r\n<li><a href=\"https:\/\/www.zbfs.bayern.de\/\">Zentrum Bayern Familie und Soziales<\/a><\/li>\r\n<li><a href=\"https:\/\/www.sovd-bayern.de\/beratung-finden\/sozialberatung\" target=\"_blank\" rel=\"noreferrer noopener\">Sozialverband Deutschland (SoVD) &#8211; Landesverband Bayern &#8211; Sozialberatung<\/a><\/li>\r\n<li><a href=\"https:\/\/www.behindertenbeauftragter.bayern.de\/index.php\" target=\"_blank\" rel=\"noreferrer noopener\">Der Beauftragte f\u00fcr die Belange von Menschen mit Behinderung<\/a><\/li>\r\n<li><a href=\"http:\/\/www.stiftung-anerkennung-und-hilfe.de\/DE\/Startseite\/start.html\" target=\"_blank\" rel=\"noopener noreferrer\">Stiftung Annerkennung und Hilfe<\/a><\/li>\r\n<li><a href=\"https:\/\/www.zpg-bayern.de\/move-trainer-in-bayern.html\" target=\"_blank\" rel=\"noopener noreferrer\">ZPG \u2013 Suchtpr\u00e4vention \u2013 MOVE Trainer\/-innen Bayern<\/a><\/li>\r\n<li><a href=\"https:\/\/www.alzheimer-bayern.de\/\" target=\"_blank\" rel=\"noopener noreferrer\">Deutsche Alzheimer Gesellschaft, Landesverband Bayern e. V.<\/a><\/li>\r\n<li><a href=\"https:\/\/www.afa-sozialplanung.de\/index.php\/home.html\" target=\"_blank\" rel=\"noopener noreferrer\">AfA &#8211; Arbeitsgruppe f\u00fcr Sozialplanung und Altersforschung<\/a><\/li>\r\n<li><a href=\"https:\/\/www.afa-sozialplanung.de\/index.php\/fachberatung-kommunaler-pflegeheime.html\" target=\"_blank\" rel=\"noopener noreferrer\">AfA &#8211; Fachberatung f\u00fcr Pflegeheime<\/a><\/li>\r\n<li><a href=\"https:\/\/www.wohnen-alter-bayern.de\/\" target=\"_blank\" rel=\"noopener noreferrer\">Koordinationsstelle Wohnen im Alter<\/a><\/li>\r\n<li><a href=\"https:\/\/www.ambulant-betreute-wohngemeinschaften.de\/home.html\" target=\"_blank\" rel=\"noopener noreferrer\">Koordinationsstelle ambulant betreute Wohngemeinschaften in Bayern<\/a><\/li>\r\n<li><a href=\"https:\/\/www.wipig.de\/materialien\/projekte-downloads\/item\/demenzfreundliche-apotheke\" target=\"_blank\" rel=\"noopener noreferrer\">Demenzfreundliche Apotheken in Bayern<\/a><\/li>\r\n<li><a href=\"https:\/\/www.pro-retina.de\/regionalgruppen\/bayern\" target=\"_blank\" rel=\"noopener noreferrer\">Pro Retina e.V. &#8211; Regionalgruppen in Bayern<\/a><\/li>\r\n<li><a href=\"https:\/\/www.lvbayern-apk.de\/\" target=\"_blank\" rel=\"noopener noreferrer\">LApK &#8211; Landesverband Bayern der Angeh\u00f6rigen psychisch Kranker e.V.<\/a><\/li>\r\n<li><a href=\"https:\/\/sapv-bayern.de\/unsere-teams-in-bayern\/\" target=\"_blank\" rel=\"noopener noreferrer\">SAPV-Teams in Bayern<\/a><\/li>\r\n<\/ul>\r\n<\/li>\r\n<\/ul>\r\n\r\n<p>&nbsp;<\/p>\r\n\r\n\r\n\r\n<p>&nbsp;<\/p>\r\n\r\n\r\n\r\n<p>&nbsp;<\/p>\r\n\r\n\r\n\r\n<p>&nbsp;<\/p>\r\n","protected":false},"excerpt":{"rendered":"<p>Wichtige Links zu thematischen Seiten: Fachstelle f\u00fcr Demenz und Pflege AGUS &#8211; Angeh\u00f6rige um Suizid Bayerischer Bezirketag Bayerisches Landesamt f\u00fcr Pflege Bayerisches Staatsministerium Gesundheit und Pflege Bayerisches Staatsministerium f\u00fcr Arbeit [&hellip;]<\/p>\n","protected":false},"author":1,"featured_media":0,"parent":20,"menu_order":0,"comment_status":"closed","ping_status":"closed","template":"template\/template-aboutus.php","meta":[],"yoast_head":"<!-- This site is optimized with the Yoast SEO plugin v14.5 - https:\/\/yoast.com\/wordpress\/plugins\/seo\/ -->\n<title>Bayernweit - AGVB<\/title>\n<meta name=\"robots\" content=\"index, follow\" \/>\n<meta name=\"googlebot\" content=\"index, follow, max-snippet:-1, max-image-preview:large, max-video-preview:-1\" \/>\n<meta name=\"bingbot\" content=\"index, follow, max-snippet:-1, max-image-preview:large, max-video-preview:-1\" \/>\n<link rel=\"canonical\" href=\"https:\/\/entwicklung.agvb.de\/?page_id=40\" \/>\n<meta property=\"og:locale\" content=\"de_DE\" \/>\n<meta property=\"og:type\" content=\"article\" \/>\n<meta property=\"og:title\" content=\"Bayernweit - AGVB\" \/>\n<meta property=\"og:description\" content=\"Wichtige Links zu thematischen Seiten: Fachstelle f\u00fcr Demenz und Pflege AGUS &#8211; Angeh\u00f6rige um Suizid Bayerischer Bezirketag Bayerisches Landesamt f\u00fcr Pflege Bayerisches Staatsministerium Gesundheit und Pflege Bayerisches Staatsministerium f\u00fcr Arbeit [&hellip;]\" \/>\n<meta property=\"og:url\" content=\"https:\/\/entwicklung.agvb.de\/?page_id=40\" \/>\n<meta property=\"og:site_name\" content=\"AGVB\" \/>\n<meta property=\"article:modified_time\" content=\"2020-11-05T09:36:41+00:00\" \/>\n<meta name=\"twitter:card\" content=\"summary_large_image\" \/>\n<script type=\"application\/ld+json\" class=\"yoast-schema-graph\">{\"@context\":\"https:\/\/schema.org\",\"@graph\":[{\"@type\":\"WebSite\",\"@id\":\"https:\/\/entwicklung.agvb.de\/#website\",\"url\":\"https:\/\/entwicklung.agvb.de\/\",\"name\":\"AGVB\",\"description\":\"\",\"potentialAction\":[{\"@type\":\"SearchAction\",\"target\":\"https:\/\/entwicklung.agvb.de\/?s={search_term_string}\",\"query-input\":\"required name=search_term_string\"}],\"inLanguage\":\"de\"},{\"@type\":\"WebPage\",\"@id\":\"https:\/\/entwicklung.agvb.de\/?page_id=40#webpage\",\"url\":\"https:\/\/entwicklung.agvb.de\/?page_id=40\",\"name\":\"Bayernweit - AGVB\",\"isPartOf\":{\"@id\":\"https:\/\/entwicklung.agvb.de\/#website\"},\"datePublished\":\"2020-06-24T05:41:35+00:00\",\"dateModified\":\"2020-11-05T09:36:41+00:00\",\"inLanguage\":\"de\",\"potentialAction\":[{\"@type\":\"ReadAction\",\"target\":[\"https:\/\/entwicklung.agvb.de\/?page_id=40\"]}]}]}<\/script>\n<!-- \/ Yoast SEO plugin. -->","_links":{"self":[{"href":"https:\/\/entwicklung.agvb.de\/index.php?rest_route=\/wp\/v2\/pages\/40"}],"collection":[{"href":"https:\/\/entwicklung.agvb.de\/index.php?rest_route=\/wp\/v2\/pages"}],"about":[{"href":"https:\/\/entwicklung.agvb.de\/index.php?rest_route=\/wp\/v2\/types\/page"}],"author":[{"embeddable":true,"href":"https:\/\/entwicklung.agvb.de\/index.php?rest_route=\/wp\/v2\/users\/1"}],"replies":[{"embeddable":true,"href":"https:\/\/entwicklung.agvb.de\/index.php?rest_route=%2Fwp%2Fv2%2Fcomments&post=40"}],"version-history":[{"count":30,"href":"https:\/\/entwicklung.agvb.de\/index.php?rest_route=\/wp\/v2\/pages\/40\/revisions"}],"predecessor-version":[{"id":1745,"href":"https:\/\/entwicklung.agvb.de\/index.php?rest_route=\/wp\/v2\/pages\/40\/revisions\/1745"}],"up":[{"embeddable":true,"href":"https:\/\/entwicklung.agvb.de\/index.php?rest_route=\/wp\/v2\/pages\/20"}],"wp:attachment":[{"href":"https:\/\/entwicklung.agvb.de\/index.php?rest_route=%2Fwp%2Fv2%2Fmedia&parent=40"}],"curies":[{"name":"wp","href":"https:\/\/api.w.org\/{rel}","templated":true}]}}