{"id":193,"date":"2020-06-29T07:55:41","date_gmt":"2020-06-29T07:55:41","guid":{"rendered":"http:\/\/entwicklung.agvb.de\/?page_id=193"},"modified":"2020-10-15T09:20:14","modified_gmt":"2020-10-15T07:20:14","slug":"niedrigschwellige-angebote","status":"publish","type":"page","link":"https:\/\/entwicklung.agvb.de\/?page_id=193","title":{"rendered":"Niedrigschwellige Angebote"},"content":{"rendered":"<aside><\/aside>\n<aside>\n<details>\n<summary><span style=\"font-size: 26px; font-weight: bolder;\">Niedrigschwellige Betreuungsangebote<\/span><\/summary>\n<ul>\n<li><a href=\"http:\/\/www.niedrigschwellig-betreuung-bayern.de\/fileadmin\/user_upload\/lagfw\/Agentur\/Material\/Broschuere_Niedrigschwellige_Betreuungsangebote_Ein_Leitfaden_fuer_Inititatoren.pdf\" target=\"_blank\" rel=\"noreferrer noopener\">Brosch\u00fcre zum Projektaufbau &#8222;Niedrigschwellige Betreuungsangebote- Leitfaden f\u00fcr Initiatoren&#8220;, die alle Informationen rund um Aufbau, Anerkennung, F\u00f6rderung und Zusammenarbeit mit Ehrenamtlichen kompakt zusammenfasst<\/a><\/li>\n<li><a href=\"http:\/\/www.agvb.de\/downloads\/niedrigschwellig_konzeptbetreuungsgruppe.pdf\" target=\"_blank\" rel=\"noreferrer noopener\">Leitfaden \u2013 Konzeption und Anerkennung einer Betreuungsgruppe<\/a>\u00a0<\/li>\n<li><a href=\"http:\/\/www.agvb.de\/downloads\/niedrigschwellig_konzeptangehoerigengruppe.pdf\" target=\"_blank\" rel=\"noreferrer noopener\">Leitfaden \u2013 Konzeption einer Angeh\u00f6rigengruppe<\/a>\u00a0<\/li>\n<li><a href=\"http:\/\/www.agvb.de\/downloads\/niedrigschwellig_konzepthelferkreis.pdf\" target=\"_blank\" rel=\"noreferrer noopener\">Leitfaden \u2013 Konzeption und Anerkennung eines Helferkreises<\/a>\u00a0<\/li>\n<li><a href=\"http:\/\/www.agvb.de\/downloads\/niedrigschwellig_praxistippoeffentlichkeitsarb.pdf\" target=\"_blank\" rel=\"noreferrer noopener\">Praxistipp \u2013 \u00d6ffentlichkeitsarbeit f\u00fcr niedrigschwellige Betreuungsangebote<\/a>\u00a0<\/li>\n<li><a href=\"https:\/\/www.stmgp.bayern.de\/pflege\/pflege-zu-hause\/angebote-zur-unterstuetzung-im-alltag\/\" target=\"_blank\" rel=\"noreferrer noopener\">BStMGP &#8211; Angebote zur Unterst\u00fctzung im Alltag &#8211; St\u00e4rkung der h\u00e4uslichen Betreuung<\/a><\/li>\n<\/ul>\n<div class=\"wp-block-group\">\n<div class=\"wp-block-group__inner-container\">\n<div class=\"wp-block-group\">\n<div class=\"wp-block-group__inner-container\">\n<div class=\"wp-block-group\">\n<div class=\"wp-block-group__inner-container\">\n<div class=\"wp-block-group\"><\/div>\n<\/div>\n<\/div>\n<\/div>\n<\/div>\n<\/div>\n<\/div>\n<\/details>\n<\/aside>\n<p>&nbsp;<\/p>\n<ul><!-- \/wp:paragraph --><\/ul>\n","protected":false},"excerpt":{"rendered":"<p>Niedrigschwellige Betreuungsangebote Brosch\u00fcre zum Projektaufbau &#8222;Niedrigschwellige Betreuungsangebote- Leitfaden f\u00fcr Initiatoren&#8220;, die alle Informationen rund um Aufbau, Anerkennung, F\u00f6rderung und Zusammenarbeit mit Ehrenamtlichen kompakt zusammenfasst Leitfaden \u2013 Konzeption und Anerkennung einer [&hellip;]<\/p>\n","protected":false},"author":1,"featured_media":0,"parent":0,"menu_order":0,"comment_status":"closed","ping_status":"closed","template":"","meta":[],"yoast_head":"<!-- This site is optimized with the Yoast SEO plugin v14.5 - https:\/\/yoast.com\/wordpress\/plugins\/seo\/ -->\n<title>Niedrigschwellige Angebote - AGVB<\/title>\n<meta name=\"robots\" content=\"index, follow\" \/>\n<meta name=\"googlebot\" content=\"index, follow, max-snippet:-1, max-image-preview:large, max-video-preview:-1\" \/>\n<meta name=\"bingbot\" content=\"index, follow, max-snippet:-1, max-image-preview:large, max-video-preview:-1\" \/>\n<link rel=\"canonical\" href=\"https:\/\/entwicklung.agvb.de\/?page_id=193\" \/>\n<meta property=\"og:locale\" content=\"de_DE\" \/>\n<meta property=\"og:type\" content=\"article\" \/>\n<meta property=\"og:title\" content=\"Niedrigschwellige Angebote - AGVB\" \/>\n<meta property=\"og:description\" content=\"Niedrigschwellige Betreuungsangebote Brosch\u00fcre zum Projektaufbau &#8222;Niedrigschwellige Betreuungsangebote- Leitfaden f\u00fcr Initiatoren&#8220;, die alle Informationen rund um Aufbau, Anerkennung, F\u00f6rderung und Zusammenarbeit mit Ehrenamtlichen kompakt zusammenfasst Leitfaden \u2013 Konzeption und Anerkennung einer [&hellip;]\" \/>\n<meta property=\"og:url\" content=\"https:\/\/entwicklung.agvb.de\/?page_id=193\" \/>\n<meta property=\"og:site_name\" content=\"AGVB\" \/>\n<meta property=\"article:modified_time\" content=\"2020-10-15T07:20:14+00:00\" \/>\n<meta name=\"twitter:card\" content=\"summary_large_image\" \/>\n<script type=\"application\/ld+json\" class=\"yoast-schema-graph\">{\"@context\":\"https:\/\/schema.org\",\"@graph\":[{\"@type\":\"WebSite\",\"@id\":\"https:\/\/entwicklung.agvb.de\/#website\",\"url\":\"https:\/\/entwicklung.agvb.de\/\",\"name\":\"AGVB\",\"description\":\"\",\"potentialAction\":[{\"@type\":\"SearchAction\",\"target\":\"https:\/\/entwicklung.agvb.de\/?s={search_term_string}\",\"query-input\":\"required name=search_term_string\"}],\"inLanguage\":\"de\"},{\"@type\":\"WebPage\",\"@id\":\"https:\/\/entwicklung.agvb.de\/?page_id=193#webpage\",\"url\":\"https:\/\/entwicklung.agvb.de\/?page_id=193\",\"name\":\"Niedrigschwellige Angebote - AGVB\",\"isPartOf\":{\"@id\":\"https:\/\/entwicklung.agvb.de\/#website\"},\"datePublished\":\"2020-06-29T07:55:41+00:00\",\"dateModified\":\"2020-10-15T07:20:14+00:00\",\"inLanguage\":\"de\",\"potentialAction\":[{\"@type\":\"ReadAction\",\"target\":[\"https:\/\/entwicklung.agvb.de\/?page_id=193\"]}]}]}<\/script>\n<!-- \/ Yoast SEO plugin. -->","_links":{"self":[{"href":"https:\/\/entwicklung.agvb.de\/index.php?rest_route=\/wp\/v2\/pages\/193"}],"collection":[{"href":"https:\/\/entwicklung.agvb.de\/index.php?rest_route=\/wp\/v2\/pages"}],"about":[{"href":"https:\/\/entwicklung.agvb.de\/index.php?rest_route=\/wp\/v2\/types\/page"}],"author":[{"embeddable":true,"href":"https:\/\/entwicklung.agvb.de\/index.php?rest_route=\/wp\/v2\/users\/1"}],"replies":[{"embeddable":true,"href":"https:\/\/entwicklung.agvb.de\/index.php?rest_route=%2Fwp%2Fv2%2Fcomments&post=193"}],"version-history":[{"count":14,"href":"https:\/\/entwicklung.agvb.de\/index.php?rest_route=\/wp\/v2\/pages\/193\/revisions"}],"predecessor-version":[{"id":1674,"href":"https:\/\/entwicklung.agvb.de\/index.php?rest_route=\/wp\/v2\/pages\/193\/revisions\/1674"}],"wp:attachment":[{"href":"https:\/\/entwicklung.agvb.de\/index.php?rest_route=%2Fwp%2Fv2%2Fmedia&parent=193"}],"curies":[{"name":"wp","href":"https:\/\/api.w.org\/{rel}","templated":true}]}}