{"id":170,"date":"2020-06-29T07:52:57","date_gmt":"2020-06-29T07:52:57","guid":{"rendered":"http:\/\/entwicklung.agvb.de\/?page_id=170"},"modified":"2020-12-11T13:23:40","modified_gmt":"2020-12-11T11:23:40","slug":"ehrenamt","status":"publish","type":"page","link":"https:\/\/entwicklung.agvb.de\/?page_id=170","title":{"rendered":"Ehrenamt"},"content":{"rendered":"<aside>\n<details>\n<summary><span style=\"font-size: 26px; font-weight: bolder;\">Allgemeine Informationen<\/span><\/summary>\n<ul>\n<li><a href=\"http:\/\/www.ehrenamtsnachweis.de\/\" target=\"_blank\" rel=\"noreferrer noopener\">Ehrenamtsnachweis Bayern<\/a><\/li>\n<li><a href=\"http:\/\/www.lbe.bayern.de\/engagement-anerkennen\/ehrenamtskarte\/index.php\" target=\"_blank\" rel=\"noreferrer noopener\">Die Bayerische Ehrenamtskarte<\/a><\/li>\n<li><a href=\"https:\/\/www.deutscher-engagementpreis.de\/\" target=\"_blank\" rel=\"noreferrer noopener\">Deutscher Engagementpreis &#8222;Geben gibt&#8220;<\/a><\/li>\n<li><a href=\"https:\/\/www.stmgp.bayern.de\/ministerium\/auszeichnungen\/weisserengel\/index.htm\" target=\"_blank\" rel=\"noreferrer noopener\">Auszeichnung &#8222;Weisser Engel&#8220; in Bayern<\/a><\/li>\n<li><a href=\"http:\/\/www.rechtsformen-fuer-engagement.de\/offener-brief\/index.html\" target=\"_blank\" rel=\"noreferrer noopener\">Geeignete Rechtsformen f\u00fcr das B\u00fcrgerschaftliche Engagement<\/a><\/li>\n<li><a href=\"http:\/\/www.bagso.de\/fileadmin\/Aktuell\/Publikationen\/2017\/Engagement_im_Heim_GERAS-Preis_2016_Broschuere.pdf\" target=\"_blank\" rel=\"noreferrer noopener\">BAGSO &#8211;\u00a0 Engagement f\u00fcr Menschen im Heim<\/a><\/li>\n<li><a href=\"https:\/\/www.lbe.bayern.de\/\" target=\"_blank\" rel=\"noreferrer noopener\">Landesnetzwerk B\u00fcrgerschaftliches Engagement<\/a><\/li>\n<li><a href=\"https:\/\/deutsches-ehrenamt.de\/\" target=\"_blank\" rel=\"noreferrer noopener\">Deutsches Ehrenamt e.V. &#8211; Vereinsrecht<\/a><\/li>\n<li><a href=\"https:\/\/www.stiftung-ehrenamt.bayern.de\/\" target=\"_blank\" rel=\"noreferrer noopener\">Zukunftsstiftung Ehrenamt Bayern &#8211; F\u00f6rderung f\u00fcr Projekte, Initiativen und Ideen zur St\u00e4rkung des Ehrenamts<\/a><\/li>\n<li><a href=\"https:\/\/dsgvo.expert\/die-dsgvo-im-verein-in-der-ngo-in-der-initiative-umsetzen\/\" target=\"_blank\" rel=\"noreferrer noopener\">Vereinsarbeit: EU-Datenschutz-Grundverordnung<\/a><\/li>\n<li><a href=\"https:\/\/kda.de\/digitale-konzepte-und-neue-chancen-fuer-das-freiwilligenmanagement-der-zukunft\/\" target=\"_blank\" rel=\"noreferrer noopener\">KDA-Digitale Kozepte und neue Chancen f\u00fcr das Freiwilligenmanagement der Zukunft<\/a><\/li>\n<li><a href=\"https:\/\/bmfsfj-veranstaltungen.bafza.de\/fileadmin\/Redakteure\/Veranstaltungsdateien\/EngagementTag\/2019\/PDF-Dateien\/Dokumentation_Deutscher_EngagementTag_2019.pdf\" target=\"_blank\" rel=\"noreferrer noopener\">Dokumentation des 4. Deutschen EngagementTags 2019<\/a><\/li>\n<li><a href=\"https:\/\/www.ehrenamt.bayern.de\/index.php\" target=\"_blank\" rel=\"noreferrer noopener\">Ehrenamt Bayern &#8211; Landesnetzwerk B\u00fcrgerschaftliches Engagement Bayern (LBE)<\/a><\/li>\n<li><a href=\"https:\/\/www.vereinswelt.de\/ehrenamtspauschale\" target=\"_blank\" rel=\"noreferrer noopener\">Vereinswelt &#8211; Ehrenamtspauschale<\/a><\/li>\n<li><a href=\"https:\/\/www.agvb.de\/fileadmin\/user_upload\/AOK-GeWinn_Flyer.pdf\">AOK GeWinn &#8211; gemeinsam aktiv und gesund \u00e4lter werden<\/a><\/li>\n<li><a href=\"https:\/\/www.bagso.de\/publikationen\/ratgeber\/berufsende-in-sicht\/\" target=\"_blank\" rel=\"noreferrer noopener\">BAGSO-Ratgeber &#8222;Berufsende in Sicht?!&#8220;<\/a><\/li>\n<li><a href=\"https:\/\/www.chancenpatenschaften.de\/\" target=\"_blank\" rel=\"noreferrer noopener\">Alt &amp; Jung &#8211; Chancenpatenschaften<\/a><\/li>\n<li><a href=\"https:\/\/www.koerber-stiftung.de\/publikationen\/koerber-topics\" target=\"_blank\" rel=\"noopener noreferrer\">Lebendige B\u00fcrgergesellschaft \u2013 Brosch\u00fcren der K\u00f6rber Stiftung<\/a><\/li>\n<li><a href=\"https:\/\/bundesverband.bvve.de\/\" target=\"_blank\" rel=\"noopener noreferrer\">Bundesverband der Vereine und des Ehrenamtes e.V.<\/a><\/li>\n<li><a href=\"http:\/\/www.b-b-e.de\/\" target=\"_blank\" rel=\"noopener noreferrer\">Bundesnetzwerk B\u00fcrgerschaftliches Engagement (BBE)<\/a><\/li>\n<li><a href=\"https:\/\/www.engagement-macht-stark.de\/\" target=\"_blank\" rel=\"noopener noreferrer\">Engagement macht stark<\/a><\/li>\n<\/ul>\n<\/details>\n<\/aside>\n<aside>\n<details>\n<summary><span style=\"font-size: 26px; font-weight: bolder;\">Nachbarschaftshilfen<\/span><\/summary>\n<ul>\n<li style=\"list-style-type: none;\"><\/li>\n<li><a href=\"https:\/\/www.stmas.bayern.de\/wohnen-im-alter\/nachbarschaftshilfen\/index.php\" target=\"_blank\" rel=\"noreferrer noopener\">BStM AS &#8211; Nachbarschaftshilfen<\/a><\/li>\n<li><a href=\"https:\/\/www.wohnen-alter-bayern.de\/nachbarschaftshilfe.html\" target=\"_blank\" rel=\"noreferrer noopener\">Koordinationsstelle &#8222;Wohnen im Alter&#8220; &#8211; Nachbarschaftshilfe<\/a><\/li>\n<li><a href=\"https:\/\/www.serviceportal-zuhause-im-alter.de\/nachbarschaftshilfe-und-soziale-dienstleistungen.html\" target=\"_blank\" rel=\"noreferrer noopener\">Zuhause im Alter &#8211; Nachbarschaftshilfe und soziale Dienstleistungen<\/a><\/li>\n<li><a href=\"http:\/\/nachbarschaften.seniorenbueros.org\/index.php?id=261\" target=\"_blank\" rel=\"noreferrer noopener\">BAS-Pflattform &#8222;Nachbarschaftshilfen und soziale Dienstleistungen&#8220;<\/a><\/li>\n<li><a href=\"https:\/\/www.buergergesellschaft.de\/mitgestalten\/tipps-fuer-engagierte-organisationen\/\" target=\"_blank\" rel=\"noreferrer noopener\">B\u00fcrgergesellschaft &#8211; Tipps f\u00fcr Engagierte &amp; Organisationen<\/a><\/li>\n<li><a href=\"https:\/\/einzelhelfer.de\/\" target=\"_blank\" rel=\"noopener noreferrer\">Einzelhelfer &#8211; Nachbarschaftshilfe<\/a><\/li>\n<li><a href=\"https:\/\/www.engagiertestadt.de\/\" target=\"_blank\" rel=\"noopener noreferrer\">Handbuch &#8211; Wie werden wir eine Engagierte Stadt?<\/a><\/li>\n<li><a href=\"http:\/\/verein.fgw-ev.de\/service-und-informationen\/archiv\/zuhause-im-alter-nachbarschaftshilfe-und-soziale-dienstleistungen.html\" target=\"_blank\" rel=\"noopener noreferrer\">FORUM Gemeinschaftliches Wohnen e.V. &#8211; Nachbarschaftshilfe und soziale Dienstleistungen<\/a><\/li>\n<li><a href=\"http:\/\/www.serviceportal-zuhause-im-alter.de\/fileadmin\/sozialeswohnen\/PDF\/Broschueren\/BaS_Broschuere_A4_klein.pdf\" target=\"_blank\" rel=\"noopener noreferrer\">BAS-Programm Nachbarschaftshilfe und\u00a0 soziale Dienstleistungen<\/a><\/li>\n<\/ul>\n<\/details>\n<\/aside>\n","protected":false},"excerpt":{"rendered":"<p>Allgemeine Informationen Ehrenamtsnachweis Bayern Die Bayerische Ehrenamtskarte Deutscher Engagementpreis &#8222;Geben gibt&#8220; Auszeichnung &#8222;Weisser Engel&#8220; in Bayern Geeignete Rechtsformen f\u00fcr das B\u00fcrgerschaftliche Engagement BAGSO &#8211;\u00a0 Engagement f\u00fcr Menschen im Heim Landesnetzwerk [&hellip;]<\/p>\n","protected":false},"author":1,"featured_media":0,"parent":0,"menu_order":0,"comment_status":"closed","ping_status":"closed","template":"","meta":[],"yoast_head":"<!-- This site is optimized with the Yoast SEO plugin v14.5 - https:\/\/yoast.com\/wordpress\/plugins\/seo\/ -->\n<title>Ehrenamt - AGVB<\/title>\n<meta name=\"robots\" content=\"index, follow\" \/>\n<meta name=\"googlebot\" content=\"index, follow, max-snippet:-1, max-image-preview:large, max-video-preview:-1\" \/>\n<meta name=\"bingbot\" content=\"index, follow, max-snippet:-1, max-image-preview:large, max-video-preview:-1\" \/>\n<link rel=\"canonical\" href=\"https:\/\/entwicklung.agvb.de\/?page_id=170\" \/>\n<meta property=\"og:locale\" content=\"de_DE\" \/>\n<meta property=\"og:type\" content=\"article\" \/>\n<meta property=\"og:title\" content=\"Ehrenamt - AGVB\" \/>\n<meta property=\"og:description\" content=\"Allgemeine Informationen Ehrenamtsnachweis Bayern Die Bayerische Ehrenamtskarte Deutscher Engagementpreis &#8222;Geben gibt&#8220; Auszeichnung &#8222;Weisser Engel&#8220; in Bayern Geeignete Rechtsformen f\u00fcr das B\u00fcrgerschaftliche Engagement BAGSO &#8211;\u00a0 Engagement f\u00fcr Menschen im Heim Landesnetzwerk [&hellip;]\" \/>\n<meta property=\"og:url\" content=\"https:\/\/entwicklung.agvb.de\/?page_id=170\" \/>\n<meta property=\"og:site_name\" content=\"AGVB\" \/>\n<meta property=\"article:modified_time\" content=\"2020-12-11T11:23:40+00:00\" \/>\n<meta name=\"twitter:card\" content=\"summary_large_image\" \/>\n<script type=\"application\/ld+json\" class=\"yoast-schema-graph\">{\"@context\":\"https:\/\/schema.org\",\"@graph\":[{\"@type\":\"WebSite\",\"@id\":\"https:\/\/entwicklung.agvb.de\/#website\",\"url\":\"https:\/\/entwicklung.agvb.de\/\",\"name\":\"AGVB\",\"description\":\"\",\"potentialAction\":[{\"@type\":\"SearchAction\",\"target\":\"https:\/\/entwicklung.agvb.de\/?s={search_term_string}\",\"query-input\":\"required name=search_term_string\"}],\"inLanguage\":\"de\"},{\"@type\":\"WebPage\",\"@id\":\"https:\/\/entwicklung.agvb.de\/?page_id=170#webpage\",\"url\":\"https:\/\/entwicklung.agvb.de\/?page_id=170\",\"name\":\"Ehrenamt - AGVB\",\"isPartOf\":{\"@id\":\"https:\/\/entwicklung.agvb.de\/#website\"},\"datePublished\":\"2020-06-29T07:52:57+00:00\",\"dateModified\":\"2020-12-11T11:23:40+00:00\",\"inLanguage\":\"de\",\"potentialAction\":[{\"@type\":\"ReadAction\",\"target\":[\"https:\/\/entwicklung.agvb.de\/?page_id=170\"]}]}]}<\/script>\n<!-- \/ Yoast SEO plugin. -->","_links":{"self":[{"href":"https:\/\/entwicklung.agvb.de\/index.php?rest_route=\/wp\/v2\/pages\/170"}],"collection":[{"href":"https:\/\/entwicklung.agvb.de\/index.php?rest_route=\/wp\/v2\/pages"}],"about":[{"href":"https:\/\/entwicklung.agvb.de\/index.php?rest_route=\/wp\/v2\/types\/page"}],"author":[{"embeddable":true,"href":"https:\/\/entwicklung.agvb.de\/index.php?rest_route=\/wp\/v2\/users\/1"}],"replies":[{"embeddable":true,"href":"https:\/\/entwicklung.agvb.de\/index.php?rest_route=%2Fwp%2Fv2%2Fcomments&post=170"}],"version-history":[{"count":17,"href":"https:\/\/entwicklung.agvb.de\/index.php?rest_route=\/wp\/v2\/pages\/170\/revisions"}],"predecessor-version":[{"id":1896,"href":"https:\/\/entwicklung.agvb.de\/index.php?rest_route=\/wp\/v2\/pages\/170\/revisions\/1896"}],"wp:attachment":[{"href":"https:\/\/entwicklung.agvb.de\/index.php?rest_route=%2Fwp%2Fv2%2Fmedia&parent=170"}],"curies":[{"name":"wp","href":"https:\/\/api.w.org\/{rel}","templated":true}]}}