{"id":166,"date":"2020-06-29T07:52:37","date_gmt":"2020-06-29T07:52:37","guid":{"rendered":"http:\/\/entwicklung.agvb.de\/?page_id=166"},"modified":"2020-12-11T13:25:04","modified_gmt":"2020-12-11T11:25:04","slug":"coronaviruscovid-19","status":"publish","type":"page","link":"https:\/\/entwicklung.agvb.de\/?page_id=166","title":{"rendered":"Coronavirus (COVID-19)"},"content":{"rendered":"<aside>\n<details>\n<summary><span style=\"font-size: 26px; font-weight: bolder;\">Allgemeine Informationen <\/span><\/summary>\n<ul>\n<li><a href=\"https:\/\/www.stmgp.bayern.de\/vorsorge\/infektionsschutz\/infektionsmonitor-bayern\/\" target=\"_blank\" rel=\"noreferrer noopener\">Infektionsmonitor des bayerischen Gesundheitsministerium<\/a><\/li>\n<li><a href=\"https:\/\/www.bundesgesundheitsministerium.de\/coronavirus.html\" target=\"_blank\" rel=\"noreferrer noopener\">Informationen des Bundesgesundheitsministeriums<\/a><\/li>\n<li><a href=\"https:\/\/www.lgl.bayern.de\/gesundheit\/infektionsschutz\/infektionskrankheiten_a_z\/coronavirus\/karte_coronavirus\/index.htm\" target=\"_blank\" rel=\"noreferrer noopener\">LGL- \u00dcbersicht der Fallzahlen<\/a><\/li>\n<li>Kostenlose App &#8222;Darf ich das?&#8220; &#8211; aktuell g\u00fcltige Corona-Regeln welche speziell im jeweiligen Landkreis gelten:<br \/>\n<a href=\"https:\/\/apps.apple.com\/de\/app\/darf-ich-das\/id1529322054\" target=\"_blank\" rel=\"noopener noreferrer\">&#8211;&gt; App-Store: f\u00fcr Apple Produkte<\/a><br \/>\n<a href=\"https:\/\/play.google.com\/store\/apps\/details?id=com.intradesys.darfichdas\" target=\"_blank\" rel=\"noopener noreferrer\">&#8211;&gt; Google Play Store: f\u00fcr Android Ger\u00e4te<\/a><\/li>\n<li><a href=\"https:\/\/www.dgppn.de\/schwerpunkte\/corona-psyche.html\" target=\"_blank\" rel=\"noreferrer noopener\">DGPPN &#8211; Coronavirus: Tipps f\u00fcr die seelische Gesundheit<\/a><\/li>\n<li><a href=\"https:\/\/www.bagso.de\/publikationen\/menschenleben-schuetzen-zusammenhalt-staerken\/\" target=\"_blank\" rel=\"noreferrer noopener\">Empfehlungen der BAGSO in Zeiten der Ausbreitung des Coronavirus<\/a><\/li>\n<li><a href=\"https:\/\/www.bayerische-staatszeitung.de\/staatszeitung\/leben-in-bayern\/detailansicht-leben-in-bayern\/artikel\/konflikt-plus-einsamkeit-macht-krank.html#topPosition\" target=\"_blank\" rel=\"noreferrer noopener\">BSZ-Bericht &#8222;Konflikt plus Einsamkeit macht krank&#8220;<\/a><\/li>\n<li><a href=\"https:\/\/www.rki.de\/DE\/Home\/homepage_node.html\" target=\"_blank\" rel=\"noreferrer noopener\">Informationen des Robert Koch Instituts (RKI)<\/a><\/li>\n<li><a href=\"https:\/\/www.bzga.de\/\" target=\"_blank\" rel=\"noreferrer noopener\">Bundeszentrale f\u00fcr gesundheitliche Aufkl\u00e4rung<\/a><\/li>\n<li><a href=\"https:\/\/www.deutschlandfunkkultur.de\/belastungen-durch-corona-ratschlaege-fuer-psychisch-kranke.1008.de.html?dram%3Aarticle_id=472994&amp;fbclid=IwAR2DWT4nnZhJ4sr0L7mt98Nves4E_AyCNEvjnbelcX-26FqQK0WQ49GZJ2w\" target=\"_blank\" rel=\"noreferrer noopener\">Deutschlandfunk Kultur: Corona &#8211; Ratschl\u00e4ge f\u00fcr psychisch kranke Menschen<\/a><\/li>\n<li><a href=\"https:\/\/www.digital-kompass.de\/aktuelles\/corona-krise-diese-digitalen-angebote-helfen-ihnen-im-alltag\" target=\"_blank\" rel=\"noreferrer noopener\">Corona-Krise: Diese digitalen Angebote helfen Ihnen im Alltag<\/a><\/li>\n<li><a href=\"https:\/\/www.biva.de\/besuchseinschraenkungen-in-alten-und-pflegeheimen-wegen-corona\" target=\"_blank\" rel=\"noreferrer noopener\">BIVA &#8211; Besuchseinschr\u00e4nkungen in Alten- und Pflegeheimen wegen Corona<\/a><\/li>\n<li><a href=\"https:\/\/www.palliative-geriatrie.de\/fileadmin\/downloads\/FGPG\/FGPG-Empfehlungen_zur_Betreuung_betagter_und_gebrechlicher_Menschen_im_Kontext_Covid_19_20200322.pdf\" target=\"_blank\" rel=\"noreferrer noopener\">FGPG gibt Empfehlungen zur Betreuung betagter Menschen<\/a><\/li>\n<li><a href=\"https:\/\/www.vdpb-bayern.de\/pflegepool-fuer-bayern\/\" target=\"_blank\" rel=\"noreferrer noopener\">Pflegepool f\u00fcr Bayern<\/a><\/li>\n<li><a href=\"https:\/\/www.dggeriatrie.de\/presse\/pressemeldungen\/1678-pm-covid-19-und-senioren-geriater-stellen-massnahmen-zum-schutz-und-zur-versorgung-aelterer-menschen-vor\" target=\"_blank\" rel=\"noreferrer noopener\">DGG-Geriater stellen Ma\u00dfnahmen zum Schutz und zur Versorgung \u00e4lterer Menschen vor<\/a><\/li>\n<li><a href=\"https:\/\/www.dgpalliativmedizin.de\/neuigkeiten\/empfehlungen-der-dgp.html\" target=\"_blank\" rel=\"noreferrer noopener\">Empfehlungen der Deutschen Gesellschaft f\u00fcr Palliativmedizin (DGP)<\/a><\/li>\n<li><a href=\"https:\/\/www.bagso.de\/spezial\/aktuelles\/detailansicht\/ambulante-pflege-braucht-unterstuetzung\/\" target=\"_blank\" rel=\"noreferrer noopener\">BAGSO-Vorschl\u00e4ge zum Schutz und zur Sicherung der h\u00e4uslichen Pflege<\/a><\/li>\n<li><a href=\"https:\/\/www.deutschepsychotherapeutenvereinigung.de\/gesundheitspolitik\/aktuelle-meldungen\/news-bund\/news\/psycho-hygiene-tipps-fuer-home-office-und-quarantaene\/\" target=\"_blank\" rel=\"noreferrer noopener\">DPtV-Psycho-Hygiene-Tipps f\u00fcr Home-Office und Quarant\u00e4ne<\/a><\/li>\n<li><a href=\"https:\/\/www.dzi.de\/\" target=\"_blank\" rel=\"noreferrer noopener\">DZI Spenden-Info &#8222;Hilfe f\u00fcr Corona-Betroffene&#8220;<\/a><\/li>\n<li><a href=\"https:\/\/www.stmgp.bayern.de\/wp-content\/uploads\/2020\/03\/20200329_handlungsanweisung_alten_und_pflegeheime.pdf\" target=\"_blank\" rel=\"noreferrer noopener\">Handlungsanweisung des BStM GP f\u00fcr Alten- und Pflegeheime<\/a><\/li>\n<li><a href=\"https:\/\/weact.campact.de\/petitions\/covid-19-gesundheitsarbeiter-innen-fordern-menschen-vor-profite?share=3053b140-58c3-44c4-bb63-53383bd773cc&amp;source=email-share-button&amp;utm_campaign=fbAD-20-03-25-coron-pflege&amp;utm_medium=recommendation&amp;utm_source=email\" target=\"_blank\" rel=\"noreferrer noopener\">Petition: Covid-19 &#8211; Gesundheitsmitarbeiter*innen fordern: Menschen vor Profite&#8220;<\/a><\/li>\n<li><a href=\"https:\/\/www.youtube.com\/watch?v=NU31mw90re0\" target=\"_blank\" rel=\"noreferrer noopener\">YouTube-Film: &#8222;Das Corona Virus erkl\u00e4rt &amp; was du jetzt tun solltest&#8220;<\/a><\/li>\n<li><a href=\"https:\/\/www.youtube.com\/watch?v=mUBcAp-Lows\" target=\"_blank\" rel=\"noreferrer noopener\">Quarks-Extra Film: &#8222;Corona: Wie k\u00f6nnen wir das Virus besiegen?&#8220;<\/a><\/li>\n<li><a href=\"https:\/\/www.deutsche-alzheimer.de\/ueber-uns\/presse\/aktuelles-zur-corona-krise.html\" target=\"_blank\" rel=\"noreferrer noopener\">Informationen der Deutschen Alzheimer Gesellschaft e.V. zu Corona<\/a><\/li>\n<li><a href=\"https:\/\/www.gkv-spitzenverband.de\/pflegeversicherung\/richtlinien_vereinbarungen_formulare\/richtlinien_vereinbarungen_formulare.jsp\" target=\"_blank\" rel=\"noreferrer noopener\">Richtlinien, Vereinbarungen, Forumlare des GKV-Spitzenverbands<\/a><\/li>\n<li><a href=\"https:\/\/hauswirtschaftsrat.de\/download\/sektionen\/2020-03-26-Hinweise-zur-Corona-Krise-fuer-haushaltsnahe-Dienstleistungsunternehmen.pdf\" target=\"_blank\" rel=\"noreferrer noopener\">Hinweise f\u00fcr haushaltsnahe Dienstleistungsunternehmen im Umgang mit der Corona-Krise<\/a><\/li>\n<li><a href=\"https:\/\/www.test.de\/Coronavirus-Was-Sie-zum-neuen-Virus-aus-China-wissen-sollten-5570361-0\/\" target=\"_blank\" rel=\"noreferrer noopener\">Corona-Informationen der Stiftung Warentest<\/a><\/li>\n<li><a href=\"https:\/\/www.verkuendung-bayern.de\/baymbl\/2020-205\/\" target=\"_blank\" rel=\"noreferrer noopener\">Notbekanntmachung 2. Bayerische Infektionsschutzma\u00dfnahmenverordnung (2.BaylfSMV)<\/a><\/li>\n<li><a href=\"https:\/\/www.corona-katastrophenschutz.bayern.de\/\" target=\"_blank\" rel=\"noreferrer noopener\">Corona-Katastrophenschutz Bayern<\/a><\/li>\n<li><a href=\"https:\/\/bayern-gegen-gewalt.de\/corona-fragen\/\" target=\"_blank\" rel=\"noreferrer noopener\">Corona und Gewalt (FAQs)<\/a><\/li>\n<li><a href=\"https:\/\/www.die-mitte-der-nacht.de\/thema\/krise\" target=\"_blank\" rel=\"noreferrer noopener\">Die Mitte der Nacht &#8211; Depression und Krise<\/a><\/li>\n<li><a href=\"https:\/\/corona-leichte-sprache.de\/page\/2-material-sammlung.html\" target=\"_blank\" rel=\"noreferrer noopener\">Corona leichte Sprache &#8211; Materialsammlung<\/a><\/li>\n<li><a href=\"https:\/\/www.zusammengegencorona.de\/informieren\/information-for-foreign-careworkers\/\" target=\"_blank\" rel=\"noreferrer noopener\">Informationen f\u00fcr Pflegekr\u00e4fte aus Osteuropa &#8211; Zusammen gegen Corona<\/a><\/li>\n<li><a href=\"https:\/\/www.dgpalliativmedizin.de\/images\/200401_DGP_Handlungsempfehlung_palliative_Therapie_bei_COVID-19_2.0.pdf\" target=\"_blank\" rel=\"noreferrer noopener\">Handlungsempfehlung der Deutschen Gesellschaft f\u00fcr Palliativmedizin (DGP)<\/a><\/li>\n<li><a href=\"https:\/\/deinkopfvollerfragen.de\/psychisch-fit-in-der-corontaene\/\" target=\"_blank\" rel=\"noreferrer noopener\">Aktionsb\u00fcndnis Seelische Gesundheit &#8211; Psychisch fit in der #Coront\u00e4ne<\/a><\/li>\n<li><a href=\"https:\/\/www.age-platform.eu\/sites\/default\/files\/COVID-19_%26_human_rights_concerns_for_older_persons-April20-DE_translation.pdf\" target=\"_blank\" rel=\"noreferrer noopener\">COVID-19 und Menschenrechtsbelange f\u00fcr \u00e4ltere Menschen &#8211; AGE Platform Europe<\/a><\/li>\n<li><a href=\"https:\/\/www.ethikrat.org\/fileadmin\/Publikationen\/Ad-hoc-Empfehlungen\/deutsch\/ad-hoc-empfehlung-corona-krise.pdf\" target=\"_blank\" rel=\"noreferrer noopener\">Ethikrat: Empfehlungen zum Umgang mit Freiheitsbeschr\u00e4nkungen in der Corona-Krise<\/a><\/li>\n<li><a href=\"https:\/\/www.zqp.de\/covid19\/?utm_source=ZQP+Newsletter&amp;utm_campaign=82daad4a02-EMAIL_CAMPAIGN_2020_04_02_06_33&amp;utm_medium=email&amp;utm_term=0_08b9f0520e-82daad4a02-142819129\" target=\"_blank\" rel=\"noreferrer noopener\">ZQP &#8211; Informationen f\u00fcr professionell Pflegende<\/a><\/li>\n<li><a href=\"https:\/\/www.pflege-praevention.de\/corona-schutz-angehoerige\/?utm_source=ZQP+Newsletter&amp;utm_campaign=82daad4a02-EMAIL_CAMPAIGN_2020_04_02_06_33&amp;utm_medium=email&amp;utm_term=0_08b9f0520e-82daad4a02-142819129\" target=\"_blank\" rel=\"noreferrer noopener\">ZQP &#8211; Tipps f\u00fcr pflegende Angeh\u00f6rige zum Schutz vor dem Corona-Virus<\/a><a href=\"https:\/\/www.pr-anis.de\/Kunst\/Voila-Kunst-gegen-Corona\" target=\"_blank\" rel=\"noreferrer noopener\"><\/a><\/li>\n<li><a href=\"https:\/\/www.pr-anis.de\/Kunst\/Voila-Kunst-gegen-Corona\" target=\"_blank\" rel=\"noopener noreferrer\">Voil\u00e1! Corona-Kunst. Kunst gegen Corona <\/a><\/li>\n<li><a href=\"https:\/\/www.lgl.bayern.de\/gesundheit\/infektionsschutz\/infektionskrankheiten_a_z\/coronavirus\/covid_uebersicht.htm#pflege\" target=\"_blank\" rel=\"noreferrer noopener\">Handlungsempfehlungen f\u00fcr solit\u00e4re Tagespflegeeinrichtungen und f\u00fcr Tr\u00e4ger der Angebote zur Unterst\u00fctzung im Alltag&#8220; &#8211; Landesamt f\u00fcr Gesundheit und Lebensmittelsicherheit (LGL)<\/a><\/li>\n<li><a href=\"https:\/\/www.alzheimer-kelheim.de\/neu-online-coaching-in-zeiten-von-corona\/\" target=\"_blank\" rel=\"noopener noreferrer\">AHG-Kelheim, Online-Coaching in Zeiten von Corona<\/a><\/li>\n<li><a href=\"https:\/\/lp.media4care.de\/corona-hilfsaktion\/\" target=\"_blank\" rel=\"noopener noreferrer\">Corona-Hilfsaktion &#8211; &#8222;Schenken Sie Ihren Angeh\u00f6rigen wieder mehr Freude am Leben&#8220;<\/a><\/li>\n<li><a href=\"https:\/\/ethikzentrum.de\/\" target=\"_blank\" rel=\"noopener noreferrer\">Notfallbogen des Zentrum f\u00fcr Angewandte Ethik<\/a><\/li>\n<li><a href=\"https:\/\/entwicklung.agvb.de\/wp-content\/uploads\/2020\/07\/2020-07-01_Corona_und_Demenz.pdf\" target=\"_blank\" rel=\"noopener noreferrer\">Nationale Demenzstrategie &#8211; Die Folgen der Corona-Pandemie f\u00fcr Menschen mit Demenz<\/a><\/li>\n<li><a href=\"https:\/\/www.deutsche-alzheimer.de\/ueber-uns\/presse\/aktuelles-zur-corona-krise\/kalenderblatt-demenz-in-zeiten-von-corona.html\" target=\"_blank\" rel=\"noopener noreferrer\">Kalenderbl\u00e4tter der DAlzG &#8211; Demenz in Zeiten von Corona<\/a><\/li>\n<li><a href=\"https:\/\/www.zqp.de\/corona-pflegende-angehoerige\/\" target=\"_blank\" rel=\"noopener noreferrer\">Studie \u00fcber die Belastung pflegender Angeh\u00f6riger durch die Corona-Krise<\/a><\/li>\n<li><a href=\"https:\/\/www.infektionsschutz.de\/coronavirus\/alltag-in-zeiten-von-corona\/alltagsmaske-tragen.html?L=0\" target=\"_blank\" rel=\"noopener noreferrer\">BZgA: Wissenswertes rund um die Mund-Nasen-Bedeckung<\/a><\/li>\n<li><a href=\"https:\/\/www.youtube.com\/watch?v=i5bslgUDxIo\" target=\"_blank\" rel=\"noopener noreferrer\">Digital Kompass: Fake News und Corona<\/a><a href=\"https:\/\/www.digital-kompass.de\/aktuelles\/corona-krise-diese-digitalen-angebote-helfen-ihnen-im-alltag\" target=\"_blank\" rel=\"noopener noreferrer\"><\/a><\/li>\n<li><a href=\"https:\/\/www.deutsche-alzheimer.de\/ueber-uns\/presse\/aktuelles-zur-corona-krise\/haeufige-fragen-und-antworten-zu-corona-und-demenz.html\" target=\"_blank\" rel=\"noopener noreferrer\">DAG &#8211; Antworten auf h\u00e4ufige Fragen zum Corona-Virus im Zusammenhang mit Demenz<\/a><\/li>\n<li><a href=\"https:\/\/www.bitte-stoer-mich.de\/\" target=\"_blank\" rel=\"noopener noreferrer\">Bitte st\u00f6r mich! \u2013 Aktiv gegen Depression in Zeiten der Corona-Krise<\/a><\/li>\n<li><a href=\"https:\/\/www.corona-und-du.info\/#kinder--und-jugendpsychiatrien\" target=\"_blank\" rel=\"noopener noreferrer\">Corona und Du \u2013 Infoportal der Uniklinik M\u00fcnchen<\/a><\/li>\n<li><a href=\"https:\/\/www.bagso.de\/fileadmin\/user_upload\/bagso\/06_Veroeffentlichungen\/2020\/BAGSO-Positionspapier_Jetzt_erst_recht_Lebensbedingungen_aelterer_Menschen_verbessern.pdf\" target=\"_blank\" rel=\"noopener noreferrer\">BAGSO-Positionspapier: Jetzt erst recht! Lebensbedingungen \u00e4lterer Menschen verbessern<\/a><\/li>\n<li><a href=\"https:\/\/www.bagso.de\/corona-pandemie\/zusammenhalten-in-dieser-zeit-ein-podcast-der-bagso\/\" target=\"_blank\" rel=\"noopener noreferrer\">BAGSO-Podcast &#8222;Zusammenhalten in dieser Zeit&#8220;<\/a><\/li>\n<li><a href=\"https:\/\/www.g-ba.de\/beschluesse\/4475\/\" target=\"_blank\" rel=\"noopener noreferrer\">Grundlagenbeschluss zur Erm\u00f6glichung befristeter regionaler Ausnahmeregelungen<\/a><\/li>\n<li><a href=\"https:\/\/www.bundesgesundheitsministerium.de\/service\/publikationen\/gesundheit\/details.html?bmg%5bpubid%5d=3414\" target=\"_blank\" rel=\"noopener noreferrer\">Corona-Taschenratgeber f\u00fcr Seniorinnen und Senioren des BMG<\/a><\/li>\n<li><a href=\"http:\/\/www.sozmad.de\/Corona.pdf\">Corona verstehen &#8211; Lehrbuch von Prof. Dr. med. David Klemperer<\/a><\/li>\n<li><a href=\"https:\/\/www.polizei-beratung.de\/startseite-und-aktionen\/corona-straftaten\/\" target=\"_blank\" rel=\"noopener noreferrer\">Kriminalit\u00e4t im Zusammenhang mit dem Coronavirus<\/a><\/li>\n<li><a href=\"https:\/\/www.ndr.de\/nachrichten\/niedersachsen\/lueneburg_heide_unterelbe\/Einsam-in-die-Depression-Mehr-Betroffene-seit-Corona,depressionen114.html?fbclid=IwAR35srY7P-9reIKYbcob2CJkH-YhK2gIyhxDUVOQb-nyHJMUMa5TwYez6s8\" target=\"_blank\" rel=\"noopener noreferrer\">Einsam in die Depression: Mehr Betroffene seit Corona \u2013 NDR<\/a><\/li>\n<li><a href=\"https:\/\/www.richtig-gut-hoeren.de\/fileadmin\/redaktion\/dokumente\/Flyer\/biha20_Flyer.pdf\" target=\"_blank\" rel=\"noopener noreferrer\">Infoblatt Verlust des H\u00f6rsystems beim Abnehmen der Maske verhindern<\/a><\/li>\n<li><a href=\"https:\/\/www.bundesgesundheitsministerium.de\/ministerium\/meldungen\/2020\/faq-antigen-schnelltests.html\" target=\"_blank\" rel=\"noopener noreferrer\">BMG &#8211; Antigen-Schnelltests f\u00fcr Pflegeheime und Krankenh\u00e4user<\/a><\/li>\n<li><a href=\"https:\/\/www.gkv-spitzenverband.de\/pflegeversicherung\/richtlinien_vereinbarungen_formulare\/richtlinien_vereinbarungen_formulare.jsp\" target=\"_blank\" rel=\"noopener noreferrer\">GKV-Spitzenverband &#8211; Richtlinien, Vereinbarungen, Formulare<\/a><\/li>\n<li><a href=\"https:\/\/www.deutsche-depressionshilfe.de\/corona\" target=\"_blank\" rel=\"noopener noreferrer\">Hinweise an Depression erkrankte Menschen w\u00e4hrend der Corona-Krise &#8211; Deutschen Depressionshilfe<\/a><\/li>\n<li><a href=\"https:\/\/www.mi-di.de\/materialien\/covid-19-pflegestudie-der-diakonie\">Covid-19-Pflegestudie der Diakonie<\/a><\/li>\n<li><a href=\"https:\/\/www.digital-kompass.de\/sites\/default\/files\/material\/files\/barrierefrei_Leitfaden_Hinweise zur Durchf%C3%BChrung von Veranstaltungen in Corona-Zeiten.pdf\" target=\"_blank\" rel=\"noopener noreferrer\">Veranstaltungen in Corona-Zeiten: Digital-Kompass gibt Hinweise zur Durchf\u00fchrung<\/a><\/li>\n<\/ul>\n<\/details>\n<\/aside>\n<aside>\n<details>\n<summary><span style=\"font-size: 26px; font-weight: bolder;\">Oberpfalz <\/span><\/summary>\n<ul>\n<li><a href=\"https:\/\/www.bezirk-oberpfalz.de\/_Resources\/Persistent\/953dfd6ebde50919caafe5a1f0fa0d9832b9a6e0\/Sozialpsychiatrische Dienste.pdf\" target=\"_blank\" rel=\"noreferrer noopener\">Telefonische Beratung bei psychischen Problemen durch Sozialpsychiatrische Dienste<\/a><\/li>\n<li><a href=\"https:\/\/www.bezirk-oberpfalz.de\/\" target=\"_blank\" rel=\"noreferrer noopener\">Bezirk Oberpfalz<\/a><\/li>\n<li><a href=\"https:\/\/www.regierung.oberpfalz.bayern.de\/\" target=\"_blank\" rel=\"noreferrer noopener\">Regierung der Oberpfalz<\/a><\/li>\n<li><a href=\"https:\/\/www.sega-ev.de\/%C3%BCber-uns\/unsere-projekte\/\" target=\"_blank\" rel=\"noopener noreferrer\">SEGA-Projekte gegen Vereinsamung<\/a><\/li>\n<li><a href=\"https:\/\/www.amberg.de\/corona\" target=\"_blank\" rel=\"noreferrer noopener\">Stadt Amberg<\/a><\/li>\n<li><a href=\"https:\/\/www.kreis-as.de\/Gesundheit-Verbraucherschutz\/Gesundheit\/Coronavirus\" target=\"_blank\" rel=\"noreferrer noopener\">Landkreis Amberg-Sulzbach<\/a><\/li>\n<li><a href=\"https:\/\/entwicklung.agvb.de\/wp-content\/uploads\/2020\/11\/2020-SPZ-Telefonsprechstunde-A4.pdf\" target=\"_blank\" rel=\"noopener noreferrer\">Pers\u00f6nlche Krise in der Krise? &#8211; Beratungsangebot im SPZ Amberg<\/a><\/li>\n<li><a href=\"https:\/\/www.landkreis-cham.de\/aktuelles-nachrichten\/coronavirus\/\" target=\"_blank\" rel=\"noreferrer noopener\">Landkreis Cham<\/a><\/li>\n<li><a href=\"https:\/\/www.landkreis-cham.de\/service-beratung\/ehrenamt-sportpflege\/ehrenamt\/corona-nachbarschaftshilfe\/\" target=\"_blank\" rel=\"noopener noreferrer\">Corona-Nachbarschaftshilfe im Landkreis Cham<\/a><\/li>\n<li><a href=\"https:\/\/www.landkreis-neumarkt.de\/hp794\/Aktuelles.htm?ITServ=amg63hjgvgskggn4ir02pni3ctl\" target=\"_blank\" rel=\"noreferrer noopener\">Landkreis Neumarkt<\/a><\/li>\n<li><a href=\"https:\/\/www.regensburg.de\/aktuelles\/coronavirus\/\" target=\"_blank\" rel=\"noreferrer noopener\">Stadt Regensburg<\/a><\/li>\n<li><a href=\"https:\/\/www.landkreis-regensburg.de\/unser-landkreis\/aktuelles\/coronavirus\/\" target=\"_blank\" rel=\"noreferrer noopener\">Landkreis Regensburg<\/a><\/li>\n<li><a href=\"https:\/\/www.landkreis-regensburg.de\/buergerservice\/gesundheit-verbraucherschutz\/gesundheitsfoerderung-hilfe\/?beratung-von-menschen-mit-psychischer-erkrankung-undoder-behinderung-sowie-der-angehoerigen&amp;orga=93262\" target=\"_blank\" rel=\"noreferrer noopener\">Informationen und psychosoziale Hilfen in Zeiten von Corona<\/a><\/li>\n<li><a href=\"https:\/\/www.kiss-regensburg.de\/termine-aktuelles\/detailseite-meldungen\/news\/hilfsangebote-in-corona-zeiten\/\" target=\"_blank\" rel=\"noreferrer noopener\">KISS-Regensburg &#8211; Hilfsangebote in Corona-Zeiten<\/a><\/li>\n<li><a href=\"https:\/\/www.gesundheitsregionplus-regensburg.de\/\" target=\"_blank\" rel=\"noreferrer noopener\">Gesundheitsregion plus, Regensburg<\/a><\/li>\n<li><a href=\"https:\/\/www.landkreis-schwandorf.de\/\" target=\"_blank\" rel=\"noreferrer noopener\">Landkreis Schwandorf<\/a><\/li>\n<li><a href=\"https:\/\/www.weiden.de\/corona\" target=\"_blank\" rel=\"noreferrer noopener\">Stadt Weiden<\/a><\/li>\n<li><a href=\"https:\/\/www.neustadt.de\/landkreis-aktuelles\/neuigkeiten-landratsamt-neustadt-an-der-waldnaab\/corona-updates-ausgangsbeschraenkung-mitteilungen-foerderungen-buergertelefon\/\" target=\"_blank\" rel=\"noreferrer noopener\">Landkreis Neustadt an der Waldnaab<\/a><\/li>\n<li><a href=\"https:\/\/www.kreis-tir.de\/\" target=\"_blank\" rel=\"noreferrer noopener\">Landkreis Tirschenreuth<\/a><a href=\"https:\/\/www.alzheimer-kelheim.de\/neu-online-coaching-in-zeiten-von-corona\/\" target=\"_blank\" rel=\"noreferrer noopener\"><\/a><\/li>\n<li><a href=\"https:\/\/www.landkreis-cham.de\/service-beratung\/ehrenamt-sportpflege\/ehrenamt\/corona-nachbarschaftshilfe\/\" target=\"_blank\" rel=\"noopener noreferrer\">Nach Bleib zuhause: BR 24 &#8211; Corona-Krise in der Oberpfalz: Hier hilft man sich<\/a><\/li>\n<\/ul>\n<\/details>\n<\/aside>\n","protected":false},"excerpt":{"rendered":"<p>Allgemeine Informationen Infektionsmonitor des bayerischen Gesundheitsministerium Informationen des Bundesgesundheitsministeriums LGL- \u00dcbersicht der Fallzahlen Kostenlose App &#8222;Darf ich das?&#8220; &#8211; aktuell g\u00fcltige Corona-Regeln welche speziell im jeweiligen Landkreis gelten: &#8211;&gt; App-Store: [&hellip;]<\/p>\n","protected":false},"author":1,"featured_media":0,"parent":0,"menu_order":0,"comment_status":"closed","ping_status":"closed","template":"","meta":[],"yoast_head":"<!-- This site is optimized with the Yoast SEO plugin v14.5 - https:\/\/yoast.com\/wordpress\/plugins\/seo\/ -->\n<title>Coronavirus (COVID-19) - AGVB<\/title>\n<meta name=\"robots\" content=\"index, follow\" \/>\n<meta name=\"googlebot\" content=\"index, follow, max-snippet:-1, max-image-preview:large, max-video-preview:-1\" \/>\n<meta name=\"bingbot\" content=\"index, follow, max-snippet:-1, max-image-preview:large, max-video-preview:-1\" \/>\n<link rel=\"canonical\" href=\"https:\/\/entwicklung.agvb.de\/?page_id=166\" \/>\n<meta property=\"og:locale\" content=\"de_DE\" \/>\n<meta property=\"og:type\" content=\"article\" \/>\n<meta property=\"og:title\" content=\"Coronavirus (COVID-19) - AGVB\" \/>\n<meta property=\"og:description\" content=\"Allgemeine Informationen Infektionsmonitor des bayerischen Gesundheitsministerium Informationen des Bundesgesundheitsministeriums LGL- \u00dcbersicht der Fallzahlen Kostenlose App &#8222;Darf ich das?&#8220; &#8211; aktuell g\u00fcltige Corona-Regeln welche speziell im jeweiligen Landkreis gelten: &#8211;&gt; App-Store: [&hellip;]\" \/>\n<meta property=\"og:url\" content=\"https:\/\/entwicklung.agvb.de\/?page_id=166\" \/>\n<meta property=\"og:site_name\" content=\"AGVB\" \/>\n<meta property=\"article:modified_time\" content=\"2020-12-11T11:25:04+00:00\" \/>\n<meta name=\"twitter:card\" content=\"summary_large_image\" \/>\n<script type=\"application\/ld+json\" class=\"yoast-schema-graph\">{\"@context\":\"https:\/\/schema.org\",\"@graph\":[{\"@type\":\"WebSite\",\"@id\":\"https:\/\/entwicklung.agvb.de\/#website\",\"url\":\"https:\/\/entwicklung.agvb.de\/\",\"name\":\"AGVB\",\"description\":\"\",\"potentialAction\":[{\"@type\":\"SearchAction\",\"target\":\"https:\/\/entwicklung.agvb.de\/?s={search_term_string}\",\"query-input\":\"required name=search_term_string\"}],\"inLanguage\":\"de\"},{\"@type\":\"WebPage\",\"@id\":\"https:\/\/entwicklung.agvb.de\/?page_id=166#webpage\",\"url\":\"https:\/\/entwicklung.agvb.de\/?page_id=166\",\"name\":\"Coronavirus (COVID-19) - AGVB\",\"isPartOf\":{\"@id\":\"https:\/\/entwicklung.agvb.de\/#website\"},\"datePublished\":\"2020-06-29T07:52:37+00:00\",\"dateModified\":\"2020-12-11T11:25:04+00:00\",\"inLanguage\":\"de\",\"potentialAction\":[{\"@type\":\"ReadAction\",\"target\":[\"https:\/\/entwicklung.agvb.de\/?page_id=166\"]}]}]}<\/script>\n<!-- \/ Yoast SEO plugin. -->","_links":{"self":[{"href":"https:\/\/entwicklung.agvb.de\/index.php?rest_route=\/wp\/v2\/pages\/166"}],"collection":[{"href":"https:\/\/entwicklung.agvb.de\/index.php?rest_route=\/wp\/v2\/pages"}],"about":[{"href":"https:\/\/entwicklung.agvb.de\/index.php?rest_route=\/wp\/v2\/types\/page"}],"author":[{"embeddable":true,"href":"https:\/\/entwicklung.agvb.de\/index.php?rest_route=\/wp\/v2\/users\/1"}],"replies":[{"embeddable":true,"href":"https:\/\/entwicklung.agvb.de\/index.php?rest_route=%2Fwp%2Fv2%2Fcomments&post=166"}],"version-history":[{"count":43,"href":"https:\/\/entwicklung.agvb.de\/index.php?rest_route=\/wp\/v2\/pages\/166\/revisions"}],"predecessor-version":[{"id":1898,"href":"https:\/\/entwicklung.agvb.de\/index.php?rest_route=\/wp\/v2\/pages\/166\/revisions\/1898"}],"wp:attachment":[{"href":"https:\/\/entwicklung.agvb.de\/index.php?rest_route=%2Fwp%2Fv2%2Fmedia&parent=166"}],"curies":[{"name":"wp","href":"https:\/\/api.w.org\/{rel}","templated":true}]}}