{"id":149,"date":"2020-06-29T07:39:23","date_gmt":"2020-06-29T07:39:23","guid":{"rendered":"http:\/\/entwicklung.agvb.de\/?page_id=149"},"modified":"2020-12-11T13:19:36","modified_gmt":"2020-12-11T11:19:36","slug":"altenhilfeplanung","status":"publish","type":"page","link":"https:\/\/entwicklung.agvb.de\/?page_id=149","title":{"rendered":"Seniorenpolitische Aspekte"},"content":{"rendered":"<aside>\n<details>\n<summary><span style=\"font-size: 26px; font-weight: bolder;\">Altenhilfeplanung, Gesundheits- und Sozialpolitik<\/span><\/summary>\n<ul>\n<li><a href=\"https:\/\/www.achter-altersbericht.de\/\" target=\"_blank\" rel=\"noopener noreferrer\">8. Altenbericht \u201e\u00c4ltere Menschen und Digitalisierung\u201c<\/a><\/li>\n<li><a href=\"https:\/\/www.siebter-altenbericht.de\/\" target=\"_blank\" rel=\"noreferrer noopener\">7. Altenbericht &#8222;Sorge und Mitverantwortung in der Kommune&#8220;<\/a><\/li>\n<li><a href=\"http:\/\/www.weg-mit-den-barrieren.de\/andere-mobilisieren\/\" target=\"_blank\" rel=\"noreferrer noopener\">VdK-Unterschriftenaktion \u201eBarrierefreies Deutschland\u201c<\/a><\/li>\n<li><a href=\"http:\/\/www.projekt-demenz-arnsberg.de\/cms\/upload\/docs\/PDA_Handbuch_weblinksDS.pdf\" target=\"_blank\" rel=\"noreferrer noopener\">Handbuch f\u00fcr Kommunen &#8211; Arnsberger \u201eLern-Werkstadt\u201c Demenz<\/a><\/li>\n<li><a href=\"http:\/\/www.demographie-leitfaden-bayern.de\/\" target=\"_blank\" rel=\"noreferrer noopener\">Demographie-Leitfaden Bayern<\/a><\/li>\n<li><a href=\"http:\/\/www.wohnen-alter-bayern.de\/files\/assets\/dokumente\/Endbericht_Altenhilfekonzepte.pdf\" target=\"_blank\" rel=\"noreferrer noopener\">Kommunale Altenhilfekonzepte f\u00fcr kleine Gemeinden<\/a><\/li>\n<li><a href=\"http:\/\/www.wegweiser-kommune.de\/\" target=\"_blank\" rel=\"noreferrer noopener\">Wegweiser Kommune, u.a. mit Statistiken und Handlungsempfehlungen\u00a0 f\u00fcr Kommunen<\/a><\/li>\n<li><a href=\"http:\/\/www.bmfsfj.de\/BMFSFJ\/Aeltere-Menschen\/demografischer-wandel.html\" target=\"_blank\" rel=\"noreferrer noopener\">Daten zum Demographischen Wandel in Deutschland<\/a><\/li>\n<li><a href=\"https:\/\/www.caritas.de\/magazin\/kampagne\/demografieinitiative\/demografie-studie\/altenhilfe\/\" target=\"_blank\" rel=\"noreferrer noopener\">Demografische Auswirkungen f\u00fcr die Altenhilfe<\/a><\/li>\n<li><a href=\"https:\/\/www.dza.de\/\" target=\"_blank\" rel=\"noreferrer noopener\">Deutsches Zentrum f\u00fcr Altersfragen<\/a><\/li>\n<li><a href=\"https:\/\/www.deutscher-verein.de\/de\/kindheit-jugend-familie-alter-alter-1280.html\" target=\"_blank\" rel=\"noreferrer noopener\">Deutscher Verein &#8211; Strukturen der Altenhilfe &amp; Teilhabe von Menschen mit Demenz<\/a><\/li>\n<li><a href=\"http:\/\/www.bertelsmann-stiftung.de\/de\/publikationen\/publikation\/did\/pflege-in-deutschland-im-jahr-2030\/\" target=\"_blank\" rel=\"noreferrer noopener\">Pflegevorausberechnung im &#8222;Wegweiser Kommune&#8220; der Bertelsmann Stiftung<\/a><\/li>\n<li><a href=\"https:\/\/www.agvb.de\/fileadmin\/user_upload\/Gerontorundbrief\/2019_1\/18-07-31_Kommunale_Mit-Verantwortung.pdf\">Die kommunale (Mit-)Verantwortung f\u00fcr gesundes Altern<\/a><\/li>\n<li><a href=\"https:\/\/www.gkv-buendnis.de\/foerderprogramm\/foerderangebote\/\" target=\"_blank\" rel=\"noreferrer noopener\">Gesundheitsf\u00f6rderprogramm des GKV-B\u00fcndnisses f\u00fcr Kommunen<\/a><\/li>\n<li><a href=\"https:\/\/www.berlin-institut.org\/publikationen\/studien\/von-huerden-und-helden.html\" target=\"_blank\" rel=\"noreferrer noopener\">BI-Studie &#8222;Wie sich das Leben auf dem Land neu erfinden l\u00e4sst&#8220;<\/a><\/li>\n<li><a href=\"https:\/\/www.unece.org\/fileadmin\/DAM\/pau\/age\/Policy_briefs\/German\/ECE-WG1-25-DEU.pdf\" target=\"_blank\" rel=\"noreferrer noopener\">UNECE-Dossier &#8222;\u00c4ltere Menschen in l\u00e4ndlichen Gebieten&#8220;<\/a><\/li>\n<li><a href=\"https:\/\/www.unece.org\/fileadmin\/DAM\/pau\/age\/Policy_briefs\/German\/ECE-WG1-28-GER.pdf\" target=\"_blank\" rel=\"noreferrer noopener\">UNECE-Dossier &#8222;Selbstbestimmtes Leben im Alter&#8220;<\/a><\/li>\n<li><a href=\"http:\/\/www.netzwerk-song.de\/downloads-publikationen\/\" target=\"_blank\" rel=\"noreferrer noopener\">Netzwerk Soziales Neugestalten (Song) &#8211; Publikationen, u.a. Neue Wohnformen im Alter<\/a><\/li>\n<li><a href=\"https:\/\/www.vdk.de\/deutschland\/pages\/themen\/24567\/themen\" target=\"_blank\" rel=\"noopener noreferrer\">VdK &#8211; Sozialpolitische Themen<\/a><\/li>\n<li><a href=\"https:\/\/www.bagso.de\/fileadmin\/user_upload\/bagso\/06_Veroeffentlichungen\/2020\/BAGSO-Positionspapier_Aelter_und_unverzichtbar.pdf\" target=\"_blank\" rel=\"noopener noreferrer\">BAGSO &#8211; Engagement und Partizipation\u00a0 \u00e4lterer Menschen st\u00e4rken<\/a><\/li>\n<li><a href=\"https:\/\/www.devap.de\/unsere-positionen\/positionspapiere\/\" target=\"_blank\" rel=\"noopener noreferrer\">DEVAP Deutscher Evangelischer Verband f\u00fcr Altenarbeit und Pflege e.V. \u2013 Positionspapiere \u00a0<\/a><\/li>\n<li><a href=\"https:\/\/www.iss-ffm.de\/publikationen\" target=\"_blank\" rel=\"noopener noreferrer\">ISS-Handreichung zur Praxisforschungsstudie \u201eDiskriminierung \u00e4lterer Menschen\u201c<\/a><\/li>\n<li><a href=\"https:\/\/www.antidiskriminierungsstelle.de\/DE\/ThemenUndForschung\/themen_node.html;jsessionid=BC038FA11C6B96A5CB5080D7CF6374AA.2_cid369\" target=\"_blank\" rel=\"noopener noreferrer\">Informationen der Antidiskriminierungsstelle des Bundes<\/a><\/li>\n<\/ul>\n<p>&nbsp;<\/p>\n<\/details>\n<\/aside>\n<aside>\n<details>\n<summary><span style=\"font-size: 26px; font-weight: bolder;\">Statistik<\/span><\/summary>\n<ul>\n<li><a href=\"http:\/\/www.gerostat.de\/de\/index.html\" target=\"_blank\" rel=\"noreferrer noopener\">Statistisches Informationssystem GeroStat<\/a><\/li>\n<li><a href=\"https:\/\/www.destatis.de\/DE\/Startseite.html\" target=\"_blank\" rel=\"noreferrer noopener\">Statistisches Bundesamt Deutschland<\/a><\/li>\n<\/ul>\n<p>&nbsp;<\/p>\n<\/details>\n<\/aside>\n<aside>\n<details>\n<summary><span style=\"font-size: 26px; font-weight: bolder;\">Wissenschaftliche Studien<\/span><\/summary>\n<ul>\n<li><a href=\"http:\/\/www.heise.de\/tp\/artikel\/32\/32233\/1.html\" target=\"_blank\" rel=\"noreferrer noopener\">Sexualit\u00e4t im Alter<\/a><\/li>\n<li><a href=\"http:\/\/idw-online.de\/pages\/de\/news367885\" target=\"_blank\" rel=\"noreferrer noopener\">Versorgung Demenzkranker verbessern \u2013 Pflegende Angeh\u00f6rige unterst\u00fctzen<\/a><\/li>\n<li><a href=\"https:\/\/www.sport.fau.de\/lehrstuehle-und-fachgebiete\/public-health-und-bewegung\/forschungsprojekte\/gestalt-projekte\/\" target=\"_blank\" rel=\"noreferrer noopener\">GESTALT-Projekte- Bewegungsprogramm zur Pr\u00e4vention demenzieller Erkrankungen<\/a><\/li>\n<\/ul>\n<p><!-- \/wp:list --><\/p>\n<\/details>\n<\/aside>\n","protected":false},"excerpt":{"rendered":"<p>Altenhilfeplanung, Gesundheits- und Sozialpolitik 8. Altenbericht \u201e\u00c4ltere Menschen und Digitalisierung\u201c 7. Altenbericht &#8222;Sorge und Mitverantwortung in der Kommune&#8220; VdK-Unterschriftenaktion \u201eBarrierefreies Deutschland\u201c Handbuch f\u00fcr Kommunen &#8211; Arnsberger \u201eLern-Werkstadt\u201c Demenz Demographie-Leitfaden Bayern [&hellip;]<\/p>\n","protected":false},"author":1,"featured_media":0,"parent":0,"menu_order":0,"comment_status":"closed","ping_status":"closed","template":"","meta":[],"yoast_head":"<!-- This site is optimized with the Yoast SEO plugin v14.5 - https:\/\/yoast.com\/wordpress\/plugins\/seo\/ -->\n<title>Seniorenpolitische Aspekte - AGVB<\/title>\n<meta name=\"robots\" content=\"index, follow\" \/>\n<meta name=\"googlebot\" content=\"index, follow, max-snippet:-1, max-image-preview:large, max-video-preview:-1\" \/>\n<meta name=\"bingbot\" content=\"index, follow, max-snippet:-1, max-image-preview:large, max-video-preview:-1\" \/>\n<link rel=\"canonical\" href=\"https:\/\/entwicklung.agvb.de\/?page_id=149\" \/>\n<meta property=\"og:locale\" content=\"de_DE\" \/>\n<meta property=\"og:type\" content=\"article\" \/>\n<meta property=\"og:title\" content=\"Seniorenpolitische Aspekte - AGVB\" \/>\n<meta property=\"og:description\" content=\"Altenhilfeplanung, Gesundheits- und Sozialpolitik 8. Altenbericht \u201e\u00c4ltere Menschen und Digitalisierung\u201c 7. Altenbericht &#8222;Sorge und Mitverantwortung in der Kommune&#8220; VdK-Unterschriftenaktion \u201eBarrierefreies Deutschland\u201c Handbuch f\u00fcr Kommunen &#8211; Arnsberger \u201eLern-Werkstadt\u201c Demenz Demographie-Leitfaden Bayern [&hellip;]\" \/>\n<meta property=\"og:url\" content=\"https:\/\/entwicklung.agvb.de\/?page_id=149\" \/>\n<meta property=\"og:site_name\" content=\"AGVB\" \/>\n<meta property=\"article:modified_time\" content=\"2020-12-11T11:19:36+00:00\" \/>\n<meta name=\"twitter:card\" content=\"summary_large_image\" \/>\n<script type=\"application\/ld+json\" class=\"yoast-schema-graph\">{\"@context\":\"https:\/\/schema.org\",\"@graph\":[{\"@type\":\"WebSite\",\"@id\":\"https:\/\/entwicklung.agvb.de\/#website\",\"url\":\"https:\/\/entwicklung.agvb.de\/\",\"name\":\"AGVB\",\"description\":\"\",\"potentialAction\":[{\"@type\":\"SearchAction\",\"target\":\"https:\/\/entwicklung.agvb.de\/?s={search_term_string}\",\"query-input\":\"required name=search_term_string\"}],\"inLanguage\":\"de\"},{\"@type\":\"WebPage\",\"@id\":\"https:\/\/entwicklung.agvb.de\/?page_id=149#webpage\",\"url\":\"https:\/\/entwicklung.agvb.de\/?page_id=149\",\"name\":\"Seniorenpolitische Aspekte - AGVB\",\"isPartOf\":{\"@id\":\"https:\/\/entwicklung.agvb.de\/#website\"},\"datePublished\":\"2020-06-29T07:39:23+00:00\",\"dateModified\":\"2020-12-11T11:19:36+00:00\",\"inLanguage\":\"de\",\"potentialAction\":[{\"@type\":\"ReadAction\",\"target\":[\"https:\/\/entwicklung.agvb.de\/?page_id=149\"]}]}]}<\/script>\n<!-- \/ Yoast SEO plugin. -->","_links":{"self":[{"href":"https:\/\/entwicklung.agvb.de\/index.php?rest_route=\/wp\/v2\/pages\/149"}],"collection":[{"href":"https:\/\/entwicklung.agvb.de\/index.php?rest_route=\/wp\/v2\/pages"}],"about":[{"href":"https:\/\/entwicklung.agvb.de\/index.php?rest_route=\/wp\/v2\/types\/page"}],"author":[{"embeddable":true,"href":"https:\/\/entwicklung.agvb.de\/index.php?rest_route=\/wp\/v2\/users\/1"}],"replies":[{"embeddable":true,"href":"https:\/\/entwicklung.agvb.de\/index.php?rest_route=%2Fwp%2Fv2%2Fcomments&post=149"}],"version-history":[{"count":27,"href":"https:\/\/entwicklung.agvb.de\/index.php?rest_route=\/wp\/v2\/pages\/149\/revisions"}],"predecessor-version":[{"id":1895,"href":"https:\/\/entwicklung.agvb.de\/index.php?rest_route=\/wp\/v2\/pages\/149\/revisions\/1895"}],"wp:attachment":[{"href":"https:\/\/entwicklung.agvb.de\/index.php?rest_route=%2Fwp%2Fv2%2Fmedia&parent=149"}],"curies":[{"name":"wp","href":"https:\/\/api.w.org\/{rel}","templated":true}]}}